{"id":3187,"date":"2026-01-25T00:32:51","date_gmt":"2026-01-25T00:32:51","guid":{"rendered":"https:\/\/digion.mk\/wordpress\/?page_id=3187"},"modified":"2026-02-06T19:14:09","modified_gmt":"2026-02-06T19:14:09","slug":"url-shortener","status":"publish","type":"page","link":"https:\/\/digion.app\/sq\/products\/url-shortener\/","title":{"rendered":"URL Shortener"},"content":{"rendered":"<div data-elementor-type=\"wp-page\" data-elementor-id=\"3187\" class=\"elementor elementor-3187\" data-elementor-post-type=\"page\">\n\t\t\t\t<div class=\"elementor-element elementor-element-6b2b0f62 e-flex e-con-boxed e-con e-parent\" data-id=\"6b2b0f62\" data-element_type=\"container\" data-e-type=\"container\" data-settings=\"{&quot;background_background&quot;:&quot;classic&quot;}\">\n\t\t\t\t\t<div class=\"e-con-inner\">\n\t\t<div class=\"elementor-element elementor-element-7902952b e-con-full e-flex e-con e-child\" data-id=\"7902952b\" data-element_type=\"container\" data-e-type=\"container\">\n\t\t<div class=\"elementor-element elementor-element-ff4a894 e-con-full e-flex e-con e-child\" data-id=\"ff4a894\" data-element_type=\"container\" data-e-type=\"container\" data-settings=\"{&quot;background_background&quot;:&quot;classic&quot;}\">\n\t\t\t\t<div class=\"elementor-element elementor-element-ae4fcb0 elementor-widget elementor-widget-heading\" data-id=\"ae4fcb0\" data-element_type=\"widget\" data-e-type=\"widget\" data-widget_type=\"heading.default\">\n\t\t\t\t\t<h2 class=\"elementor-heading-title elementor-size-default\">Shkurtoni Linqet Shpejt\u00eb e Leht\u00eb<\/h2>\t\t\t\t<\/div>\n\t\t\t\t<div class=\"elementor-element elementor-element-8f9c69c elementor-widget elementor-widget-text-editor\" data-id=\"8f9c69c\" data-element_type=\"widget\" data-e-type=\"widget\" data-widget_type=\"text-editor.default\">\n\t\t\t\t\t\t\t\t\t<p data-start=\"601\" data-end=\"701\">Shnd\u00ebrroni URL-t\u00eb e gjata n\u00eb lidhje t\u00eb shkurtra dhe t\u00eb lehta p\u00ebr t\u2019u ndar\u00eb, me alias t\u00eb personalizuar \u2014 plot\u00ebsisht falas, pa nevoj\u00eb p\u00ebr llogari.<\/p>\t\t\t\t\t\t\t\t<\/div>\n\t\t\t\t<\/div>\n\t\t\t\t<\/div>\n\t\t<div class=\"elementor-element elementor-element-1e6d59b e-con-full e-flex e-con e-child\" data-id=\"1e6d59b\" data-element_type=\"container\" data-e-type=\"container\" data-settings=\"{&quot;background_background&quot;:&quot;classic&quot;}\">\n\t\t\t\t<div class=\"elementor-element elementor-element-b1e94a6 elementor-widget-mobile__width-inherit elementor-widget elementor-widget-shortcode\" data-id=\"b1e94a6\" data-element_type=\"widget\" data-e-type=\"widget\" data-widget_type=\"shortcode.default\">\n\t\t\t\t\t\t\t<div class=\"elementor-shortcode\"><div class=\"PUS_main\">\t\t\t\t\t\r\n\t\t\t<div class=\"PUS_message\"><\/div>\r\n\t\t\t<form action=\"https:\/\/digion.app\/wp-admin\/admin-ajax.php\" data-loader=\"https:\/\/digion.app\/wp-content\/plugins\/pus_plugin\/assets\/loader.svg\" class=\"PUS_form\">\r\n\t\t\t\t<div class=\"PUS_box\">\r\n\t\t\t\t\t<input type=\"text\" class=\"PUS_input\" name=\"url\" placeholder=\"Enter a long link with http:\/\/ or https:\/\/\">\r\n\t\t\t\t\t<button type=\"submit\" class=\"PUS_button\">\r\n\t\t\t\t\t\tShorten\r\n\t\t\t\t\t<\/button>\r\n\t\t\t\t<\/div>\r\n\t\t\t\t<a href=\"#\" class=\"PUS_for_advanced\">T\u00eb m\u00ebtejshme<\/a>\r\n\t\t\t\t<div class=\"PUS_advanced\">\r\n\t\t\t\t\t<div class=\"PU_custom_input_container\">\r\n\t\t\t\t\t\t<label for=\"PUS_custom_input\">Custom Alias<\/label>\r\n\t\t\t\t\t\t<input type=\"text\" class=\"PUS_custom_input\" name=\"custom\" placeholder=\"p.sh. linkujuaj123\">\t\t\t\t\r\n\t\t\t\t\t<\/div>\r\n\t\t\t\t<\/div>\r\n\t\t\t\t<input type=\"hidden\" name=\"action\" value=\"pus_shorten\">\r\n\t\t\t<\/form>\r\n\t\t<\/div><\/div>\n\t\t\t\t\t\t<\/div>\n\t\t\t\t<div class=\"elementor-element elementor-element-7d2c63f elementor-widget-mobile__width-initial elementor-widget elementor-widget-text-editor\" data-id=\"7d2c63f\" data-element_type=\"widget\" data-e-type=\"widget\" data-widget_type=\"text-editor.default\">\n\t\t\t\t\t\t\t\t\tDIGION Zero\n\n<svg xmlns=\"http:\/\/www.w3.org\/2000\/svg\" viewbox=\"0 0 1175.14 631.5\" height=\"12pt\">\n  <defs>\n    <style>\n      .cls-1 {\n        fill: #fff;\n      }\n    <\/style>\n  <\/defs>\n  <g>\n    <path class=\"cls-1\" d=\"m1162.4,202.64c-24.36-72.53-47.61-110.73-102.98-168.31L1026.2,0h-41.2s-631.34,0-631.34,0h-50.14c-91.43,0-165.45,29.65-222.04,88.96C44.36,127.89,19.01,177.01,5.43,236.31c-3.62,16.3-5.43,36.22-5.43,59.76,0,26.27,10.19,51.83,30.56,76.73l162.28,193.52c18.56,22.18,36.22,38.26,52.97,48.21,19.01,11.32,43,16.97,71.99,16.97h152.78c3.7,0,7.36-.07,11-.16h503.42v-.16h44.53l34.88-35.43c42.08-43.19,76.41-99.11,95.78-156.69,12.73-38.2,14.4-52.04,14.95-120.7,0-66.44-1.66-83.05-12.73-115.72Zm-150.13,43.61c0,.46-.01.92-.03,1.39-.98,8.64-2.49,17.16-4.5,25.52-28.03,117.41-152.05,205.88-300.78,205.88h-357.14c-88.95,0-161.06-72.11-161.06-161.06,0-44.48,18.03-84.73,47.17-113.89,29.16-29.15,69.41-47.17,113.89-47.17h577.03v.07c47.43,1.48,85.43,40.38,85.43,88.16,0,.36,0,.74-.01,1.11Z\"><\/path>\n  <\/g>\n<\/svg> \nmjeti yn\u00eb m\u00eb i ri, i nd\u00ebrtuar me \u2764\ufe0f p\u00ebr ndarje t\u00eb leht\u00eb!\t\t\t\t\t\t\t\t<\/div>\n\t\t\t\t<\/div>\n\t\t\t\t\t<\/div>\n\t\t\t\t<\/div>\n\t\t\t\t<\/div>","protected":false},"excerpt":{"rendered":"<p>Create Short Links Instantly Turn long URLs into short, shareable links with custom aliases \u2014 completely free, no account needed. DIGION Zero our newest tool, built with \u2764\ufe0f for easy sharing!<\/p>","protected":false},"author":1,"featured_media":0,"parent":1754,"menu_order":0,"comment_status":"closed","ping_status":"closed","template":"","meta":{"footnotes":""},"class_list":["post-3187","page","type-page","status-publish","hentry"],"blocksy_meta":[],"_links":{"self":[{"href":"https:\/\/digion.app\/sq\/wp-json\/wp\/v2\/pages\/3187","targetHints":{"allow":["GET"]}}],"collection":[{"href":"https:\/\/digion.app\/sq\/wp-json\/wp\/v2\/pages"}],"about":[{"href":"https:\/\/digion.app\/sq\/wp-json\/wp\/v2\/types\/page"}],"author":[{"embeddable":true,"href":"https:\/\/digion.app\/sq\/wp-json\/wp\/v2\/users\/1"}],"replies":[{"embeddable":true,"href":"https:\/\/digion.app\/sq\/wp-json\/wp\/v2\/comments?post=3187"}],"version-history":[{"count":70,"href":"https:\/\/digion.app\/sq\/wp-json\/wp\/v2\/pages\/3187\/revisions"}],"predecessor-version":[{"id":4081,"href":"https:\/\/digion.app\/sq\/wp-json\/wp\/v2\/pages\/3187\/revisions\/4081"}],"up":[{"embeddable":true,"href":"https:\/\/digion.app\/sq\/wp-json\/wp\/v2\/pages\/1754"}],"wp:attachment":[{"href":"https:\/\/digion.app\/sq\/wp-json\/wp\/v2\/media?parent=3187"}],"curies":[{"name":"wp","href":"https:\/\/api.w.org\/{rel}","templated":true}]}}